{"id":3807,"date":"2026-02-24T17:16:37","date_gmt":"2026-02-24T20:16:37","guid":{"rendered":"http:\/\/nahoranoticias.com\/?page_id=3807"},"modified":"2026-03-04T16:29:06","modified_gmt":"2026-03-04T19:29:06","slug":"ituiutaba","status":"publish","type":"page","link":"https:\/\/nahoranoticias.com\/?page_id=3807","title":{"rendered":"Ituiutaba-MG"},"content":{"rendered":"\n<p class=\"wp-block-paragraph\">Divulga\u00e7\u00e3o oficial da prefeitura de Ituiutaba, Minas Gerais.<\/p>\n\n\n\n<p class=\"wp-block-paragraph\">Os interessados em participar devem acessar o Edital completo no site oficial da prefeitura (<a href=\"http:\/\/www.ituiutaba.mg.gov.br\/\">www.ituiutaba.mg.gov.br<\/a>) ou no site da empresa respons\u00e1vel pelo processo seletivo (<a href=\"http:\/\/www.hlprocessosseletivos.com.br\/\">www.hlprocessosseletivos.com.br<\/a>). As inscri\u00e7\u00f5es poder\u00e3o ser feitas via internet das 9h do dia 19 de fevereiro de 2024 \u00e0s 23h do dia 11 de mar\u00e7o de 2024.<\/p>\n\n\n\n<div class=\"wp-block-buttons is-content-justification-center is-layout-flex wp-container-core-buttons-is-layout-fe48e5de wp-block-buttons-is-layout-flex\">\n<div class=\"wp-block-button\"><a class=\"wp-block-button__link has-white-color has-black-background-color has-text-color has-background has-link-color has-text-align-center wp-element-button\" href=\"https:\/\/ituiutaba.mg.gov.br\/financeiro\/arquivos\/financeiro\/10070\/CP_01-2023_001_smeel_EditalAbertura.pdf\">Acesse o edital completo aqui!<\/a><\/div>\n<\/div>\n\n\n\n<p class=\"wp-block-paragraph\"><\/p>\n","protected":false},"excerpt":{"rendered":"<p>Divulga\u00e7\u00e3o oficial da prefeitura de Ituiutaba, Minas Gerais. Os interessados em participar devem acessar o Edital completo no site oficial&hellip;<\/p>\n","protected":false},"author":1,"featured_media":0,"parent":0,"menu_order":0,"comment_status":"closed","ping_status":"closed","template":"","meta":{"_crdt_document":"","footnotes":""},"class_list":["post-3807","page","type-page","status-publish","hentry"],"_links":{"self":[{"href":"https:\/\/nahoranoticias.com\/index.php?rest_route=\/wp\/v2\/pages\/3807","targetHints":{"allow":["GET"]}}],"collection":[{"href":"https:\/\/nahoranoticias.com\/index.php?rest_route=\/wp\/v2\/pages"}],"about":[{"href":"https:\/\/nahoranoticias.com\/index.php?rest_route=\/wp\/v2\/types\/page"}],"author":[{"embeddable":true,"href":"https:\/\/nahoranoticias.com\/index.php?rest_route=\/wp\/v2\/users\/1"}],"replies":[{"embeddable":true,"href":"https:\/\/nahoranoticias.com\/index.php?rest_route=%2Fwp%2Fv2%2Fcomments&post=3807"}],"version-history":[{"count":3,"href":"https:\/\/nahoranoticias.com\/index.php?rest_route=\/wp\/v2\/pages\/3807\/revisions"}],"predecessor-version":[{"id":4121,"href":"https:\/\/nahoranoticias.com\/index.php?rest_route=\/wp\/v2\/pages\/3807\/revisions\/4121"}],"wp:attachment":[{"href":"https:\/\/nahoranoticias.com\/index.php?rest_route=%2Fwp%2Fv2%2Fmedia&parent=3807"}],"curies":[{"name":"wp","href":"https:\/\/api.w.org\/{rel}","templated":true}]}}