{"id":3814,"date":"2026-02-24T17:29:41","date_gmt":"2026-02-24T20:29:41","guid":{"rendered":"http:\/\/nahoranoticias.com\/?page_id=3814"},"modified":"2026-03-04T16:28:37","modified_gmt":"2026-03-04T19:28:37","slug":"gurinhata","status":"publish","type":"page","link":"https:\/\/nahoranoticias.com\/?page_id=3814","title":{"rendered":"Gurinhat\u00e3-MG"},"content":{"rendered":"\n<h1 class=\"wp-block-heading\">AVISO DE ABERTURA DE LICITA\u00c7\u00c3O PREG\u00c3O PRESENCIAL 002\/2026<\/h1>\n\n\n\n<p class=\"wp-block-paragraph\"><a href=\"https:\/\/gurinhata.mg.gov.br\/aviso-de-abertura-de-licitacao-pregao-presencial-002-2026\/\"><time datetime=\"2026-02-24T08:41:34-03:00\">24 de fevereiro de 2026<\/time><\/a><\/p>\n\n\n\n<p class=\"wp-block-paragraph\">\u00daltima atualiza\u00e7\u00e3o em 24 de fevereiro de 2026<\/p>\n\n\n\n<p class=\"wp-block-paragraph\">AVISO DE ABERTURA DE LICITA\u00c7\u00c3O PREG\u00c3O PRESENCIAL 002\/2026<\/p>\n\n\n\n<p class=\"wp-block-paragraph\">A Prefeitura Municipal de Gurinhat\u00e3-MG., torna p\u00fablico a abertura do Preg\u00e3o 002\/2026, cujo objeto \u00e9 o REGISTRO DE PRE\u00c7O PARA FUTURA E EVNTUAL CONTRATA\u00c7\u00c3O DE EMPRESA ESPECIALIZADA NA PRESTA\u00c7\u00c3O DE SERVI\u00c7OS DE ARBITRAGEM DE FUTEBOL, COMPREENDENDO O FORNECIMENTO DE \u00c1RBITROS E ASSISTENTES DEVIDAMENTE HABILITADOS E REGISTRADOS JUNTO \u00c0 ENTIDADE COMPETENTE, PARA ATUA\u00c7\u00c3O EM PARTIDAS OFICIAIS E AMISTOSAS PROMOVIDAS OU APOIADAS PELA PREFEITURA MUNICIPAL, EM CAMPEONATOS, TORNEIOS E EVENTOS ESPORTIVOS REALIZADOS NO MUNIC\u00cdPIO, CONFORME ESPECIFICA\u00c7\u00d5ES CONSTANTES DO FOLHETO DESCRITIVO QUE INTEGRA O EDITAL COMO ANEXO I. Abertura ser\u00e1 no dia 05\/03\/2026 \u00e0s 09h00min. As informa\u00e7\u00f5es poder\u00e3o ser obtidas na Prefeitura Municipal de Gurinhat\u00e3 pelo telefone (34) 3264-1010, no site: www.gurinhata.mg.gov.br, ou pelo e-mail: licitacao@gurinhata.mg.gov.br.<\/p>\n\n\n\n<div class=\"wp-block-buttons is-content-justification-center is-layout-flex wp-container-core-buttons-is-layout-fe48e5de wp-block-buttons-is-layout-flex\"><\/div>\n\n\n\n<p class=\"wp-block-paragraph\"><\/p>\n","protected":false},"excerpt":{"rendered":"<p>AVISO DE ABERTURA DE LICITA\u00c7\u00c3O PREG\u00c3O PRESENCIAL 002\/2026 24 de fevereiro de 2026 \u00daltima atualiza\u00e7\u00e3o em 24 de fevereiro de&hellip;<\/p>\n","protected":false},"author":1,"featured_media":0,"parent":0,"menu_order":0,"comment_status":"closed","ping_status":"closed","template":"","meta":{"_crdt_document":"","footnotes":""},"class_list":["post-3814","page","type-page","status-publish","hentry"],"_links":{"self":[{"href":"https:\/\/nahoranoticias.com\/index.php?rest_route=\/wp\/v2\/pages\/3814","targetHints":{"allow":["GET"]}}],"collection":[{"href":"https:\/\/nahoranoticias.com\/index.php?rest_route=\/wp\/v2\/pages"}],"about":[{"href":"https:\/\/nahoranoticias.com\/index.php?rest_route=\/wp\/v2\/types\/page"}],"author":[{"embeddable":true,"href":"https:\/\/nahoranoticias.com\/index.php?rest_route=\/wp\/v2\/users\/1"}],"replies":[{"embeddable":true,"href":"https:\/\/nahoranoticias.com\/index.php?rest_route=%2Fwp%2Fv2%2Fcomments&post=3814"}],"version-history":[{"count":3,"href":"https:\/\/nahoranoticias.com\/index.php?rest_route=\/wp\/v2\/pages\/3814\/revisions"}],"predecessor-version":[{"id":4120,"href":"https:\/\/nahoranoticias.com\/index.php?rest_route=\/wp\/v2\/pages\/3814\/revisions\/4120"}],"wp:attachment":[{"href":"https:\/\/nahoranoticias.com\/index.php?rest_route=%2Fwp%2Fv2%2Fmedia&parent=3814"}],"curies":[{"name":"wp","href":"https:\/\/api.w.org\/{rel}","templated":true}]}}